{"id":2,"date":"2020-03-26T12:31:44","date_gmt":"2020-03-26T12:31:44","guid":{"rendered":"https:\/\/themes.muffingroup.com\/be\/course\/?page_id=2"},"modified":"2024-07-02T17:16:28","modified_gmt":"2024-07-02T17:16:28","slug":"sample-page","status":"publish","type":"page","link":"https:\/\/staging.immersound.xyz\/en\/","title":{"rendered":"Home"},"content":{"rendered":"<p class=\" translation-block\"><strong><em>Immersive sound<\/em><\/strong> for your songs <span style=\"text-decoration: underline\">IN 24 HS!<\/span><\/p>\n<p>\t\t\t<a href=\"https:\/\/staging.immersound.xyz\/en\/planes\/\"><br \/>\n\t\t\t\t\t\t\t\t\tSEE PLANS<br \/>\n\t\t\t\t\t<\/a><\/p>\n<style>\/*! elementor - v3.22.0 - 26-06-2024 *\/\n.elementor-heading-title{padding:0;margin:0;line-height:1}.elementor-widget-heading .elementor-heading-title[class*=elementor-size-]>a{color:inherit;font-size:inherit;line-height:inherit}.elementor-widget-heading .elementor-heading-title.elementor-size-small{font-size:15px}.elementor-widget-heading .elementor-heading-title.elementor-size-medium{font-size:19px}.elementor-widget-heading .elementor-heading-title.elementor-size-large{font-size:29px}.elementor-widget-heading .elementor-heading-title.elementor-size-xl{font-size:39px}.elementor-widget-heading .elementor-heading-title.elementor-size-xxl{font-size:59px}<\/style>\n<p>We take your music to a new dimension<\/p>\n<style>\/*! elementor - v3.22.0 - 26-06-2024 *\/\n.elementor-widget-image{text-align:center}.elementor-widget-image a{display:inline-block}.elementor-widget-image a img[src$=\".svg\"]{width:48px}.elementor-widget-image img{vertical-align:middle;display:inline-block}<\/style>\n<p>\t\t\t\t\t\t\t\t\t\t<img fetchpriority=\"high\" decoding=\"async\" width=\"830\" height=\"266\" src=\"https:\/\/staging.immersound.xyz\/wp-content\/uploads\/2024\/07\/LogoDAWhite.jpg\" alt=\"\" srcset=\"https:\/\/staging.immersound.xyz\/wp-content\/uploads\/2024\/07\/LogoDAWhite.jpg 830w, https:\/\/staging.immersound.xyz\/wp-content\/uploads\/2024\/07\/LogoDAWhite-500x160.jpg 500w, https:\/\/staging.immersound.xyz\/wp-content\/uploads\/2024\/07\/LogoDAWhite-300x96.jpg 300w, https:\/\/staging.immersound.xyz\/wp-content\/uploads\/2024\/07\/LogoDAWhite-768x246.jpg 768w, https:\/\/staging.immersound.xyz\/wp-content\/uploads\/2024\/07\/LogoDAWhite-150x48.jpg 150w, https:\/\/staging.immersound.xyz\/wp-content\/uploads\/2024\/07\/LogoDAWhite-480x154.jpg 480w\" sizes=\"(max-width:767px) 480px, (max-width:830px) 100vw, 830px\" \/>\t\t\t\t\t\t\t\t\t\t\t\t\t<\/p>\n<p>Dolby ATMOS is a technology developed by Dolby Laboratories that enables the movement of sound in a three-dimensional space around the listener. Now, you can feel like you're in the middle of the scene to experience something incredible.<\/p>\n<p>\t\t\t<a href=\"https:\/\/staging.immersound.xyz\/en\/planes\/\"><br \/>\n\t\t\t\t\t\t\t\t\tMore<br \/>\n\t\t\t\t\t<\/a><br \/>\n\t\t\t\t\t\t\t\t\t\t\t\t\t<img decoding=\"async\" width=\"830\" height=\"266\" src=\"https:\/\/staging.immersound.xyz\/wp-content\/uploads\/2024\/07\/Sony360.jpg\" alt=\"\" srcset=\"https:\/\/staging.immersound.xyz\/wp-content\/uploads\/2024\/07\/Sony360.jpg 830w, https:\/\/staging.immersound.xyz\/wp-content\/uploads\/2024\/07\/Sony360-500x160.jpg 500w, https:\/\/staging.immersound.xyz\/wp-content\/uploads\/2024\/07\/Sony360-300x96.jpg 300w, https:\/\/staging.immersound.xyz\/wp-content\/uploads\/2024\/07\/Sony360-768x246.jpg 768w, https:\/\/staging.immersound.xyz\/wp-content\/uploads\/2024\/07\/Sony360-150x48.jpg 150w, https:\/\/staging.immersound.xyz\/wp-content\/uploads\/2024\/07\/Sony360-480x154.jpg 480w\" sizes=\"(max-width:767px) 480px, (max-width:830px) 100vw, 830px\" \/>\t\t\t\t\t\t\t\t\t\t\t\t\t<\/p>\n<p>Immerse yourself in surround sound. As real as being at a live concert or in the artist's studio recording. With 360 Reality Audio, music has never been so immersive and real.<\/p>\n<p>\t\t\t<a href=\"https:\/\/staging.immersound.xyz\/en\/planes\/\"><br \/>\n\t\t\t\t\t\t\t\t\tMore<br \/>\n\t\t\t\t\t<\/a><\/p>\n<h2>HOW TO START?<\/h2>\n<p>\t\t\t<a href=\"#\"><br \/>\n\t\t\t\t\t\t\t\t\tSTART NOW<br \/>\n\t\t\t\t\t<\/a><br \/>\n\t\t\t\t\t\t\t\t\t\t\t\t\t<img decoding=\"async\" src=\"https:\/\/staging.immersound.xyz\/wp-content\/uploads\/elementor\/thumbs\/icon1-qqhbozwmcyeby578h4s367x71udt25fwgo3yksf18g.png\" title=\"icon1\" alt=\"icon1\" loading=\"lazy\" \/>\t\t\t\t\t\t\t\t\t\t\t\t\t<\/p>\n<p>Register on our website.\n<\/p>\n<p>\t\t\t\t\t\t\t\t\t\t\t\t\t<img decoding=\"async\" src=\"https:\/\/staging.immersound.xyz\/wp-content\/uploads\/elementor\/thumbs\/icon2-qqhbsofv4lfrf5upz82hfsh6t68k7h21yw3f8syiv4.png\" title=\"icon2\" alt=\"icon2\" loading=\"lazy\" \/>\t\t\t\t\t\t\t\t\t\t\t\t\t<\/p>\n<p>\u00ab>\u00bb>Selecciona y compra tu paquete de canciones.<\/p>\n<p>\t\t\t\t\t\t\t\t\t\t\t\t\t<img decoding=\"async\" src=\"https:\/\/staging.immersound.xyz\/wp-content\/uploads\/elementor\/thumbs\/icon3-qqhbtvofuz2y983wyqrbmhke4wbg1jtpgu3rbj6eww.png\" title=\"icon3\" alt=\"icon3\" loading=\"lazy\" \/>\t\t\t\t\t\t\t\t\t\t\t\t\t<\/p>\n<p>\u00ab>\u00bb>Carga tu material \u00ab><\/p>\n<p>\t\t\t\t\t\t\t\t\t\t\t\t\t<img decoding=\"async\" src=\"https:\/\/staging.immersound.xyz\/wp-content\/uploads\/elementor\/thumbs\/icon4-qqhbuj6eltz4bh5s5iwzutmwzj3mdzezw2ewbg7klc.png\" title=\"icon4\" alt=\"icon4\" loading=\"lazy\" \/>\t\t\t\t\t\t\t\t\t\t\t\t\t<\/p>\n<p>\u00ab>\u00bb>\u00a1Espera tu entrega y recibe tus canciones!\u00bb><\/p>\n<p>\t\t<iframe title=\"Video Placeholder\" width=\"1220\" height=\"686\" src=\"https:\/\/www.youtube.com\/embed\/XHOmBV4js_E?feature=oembed\" frameborder=\"0\" allow=\"accelerometer; autoplay; clipboard-write; encrypted-media; gyroscope; picture-in-picture; web-share\" referrerpolicy=\"strict-origin-when-cross-origin\" allowfullscreen><\/iframe>\t\t<\/p>\n<h2>1 Song <br \/> for $9,99<\/h2>\n<h2>Si te registras hoy mismo,<br \/>\npodr\u00e1s masterizar una canci\u00f3n por solo $9,99<\/h2>\n<p>\t\t\t<a href=\"#\"><br \/>\n\t\t\t\t\t\t\t\t\tREGISTER<br \/>\n\t\t\t\t\t<\/a><\/p>\n<h4>PLANS AND PRICES<\/h4>\n<h2>1 Song<\/h2>\n<p>$49<\/p>\n<p>Dolby Atmos or Sony 360RA<\/p>\n<p>\t\t\t<a href=\"#\"><br \/>\n\t\t\t\t\t\t\t\t\tBUY<br \/>\n\t\t\t\t\t<\/a><\/p>\n<p>$69<\/p>\n<p>Dolby Atmos + Sony 360RA<\/p>\n<p>\t\t\t<a href=\"#\"><br \/>\n\t\t\t\t\t\t\t\t\tBUY<br \/>\n\t\t\t\t\t<\/a><\/p>\n<h2>5 Songs<\/h2>\n<p>$219<\/p>\n<p>Dolby Atmos or Sony 360RA<\/p>\n<p>\t\t\t<a href=\"#\"><br \/>\n\t\t\t\t\t\t\t\t\tBUY<br \/>\n\t\t\t\t\t<\/a><\/p>\n<p>$329<\/p>\n<p>Dolby Atmos + Sony 360RA<\/p>\n<p>\t\t\t<a href=\"#\"><br \/>\n\t\t\t\t\t\t\t\t\tBUY<br \/>\n\t\t\t\t\t<\/a><\/p>\n<h2>10 Songs<\/h2>\n<p>$399<\/p>\n<p>Dolby Atmos or Sony 360RA<\/p>\n<p>\t\t\t<a href=\"#\"><br \/>\n\t\t\t\t\t\t\t\t\tBUY<br \/>\n\t\t\t\t\t<\/a><\/p>\n<p>$599<\/p>\n<p>Dolby Atmos + Sony 360RA<\/p>\n<p>\t\t\t<a href=\"#\"><br \/>\n\t\t\t\t\t\t\t\t\tBUY<br \/>\n\t\t\t\t\t<\/a><\/p>\n<h2>20 Songs<\/h2>\n<p>$699<\/p>\n<p>Dolby Atmos or Sony 360RA<\/p>\n<p>\t\t\t<a href=\"#\"><br \/>\n\t\t\t\t\t\t\t\t\tBUY<br \/>\n\t\t\t\t\t<\/a><\/p>\n<p>$999<\/p>\n<p>Dolby Atmos + Sony 360RA<\/p>\n<p>\t\t\t<a href=\"#\"><br \/>\n\t\t\t\t\t\t\t\t\tBUY<br \/>\n\t\t\t\t\t<\/a><\/p>\n<h2>50 Songs<\/h2>\n<p>$1499<\/p>\n<p>Dolby Atmos or Sony 360RA<\/p>\n<p>\t\t\t<a href=\"#\"><br \/>\n\t\t\t\t\t\t\t\t\tBUY<br \/>\n\t\t\t\t\t<\/a><\/p>\n<p>$1999<\/p>\n<p>Dolby Atmos + Sony 360RA<\/p>\n<p>\t\t\t<a href=\"#\"><br \/>\n\t\t\t\t\t\t\t\t\tBUY<br \/>\n\t\t\t\t\t<\/a><\/p>\n<h2>100 Songs<\/h2>\n<p>$2499<\/p>\n<p>Dolby Atmos or Sony 360RA<\/p>\n<p>\t\t\t<a href=\"#\"><br \/>\n\t\t\t\t\t\t\t\t\tBUY<br \/>\n\t\t\t\t\t<\/a><\/p>\n<p>$3499<\/p>\n<p>Dolby Atmos + Sony 360RA<\/p>\n<p>\t\t\t<a href=\"#\"><br \/>\n\t\t\t\t\t\t\t\t\tBUY<br \/>\n\t\t\t\t\t<\/a><\/p>\n<h2>Launch promotion<\/h2>\n<h2>$299    <small> <small> 1 Album <\/small> <\/small><\/h2>\n<h2>Maximum 12 songs<\/h2>\n<p>\t\t\t<a href=\"#\"><br \/>\n\t\t\t\t\t\t\t\t\tREGISTER<br \/>\n\t\t\t\t\t<\/a><\/p>\n<h2>WHAT IS IMMERSOUND?<\/h2>\n<p>We are a team of audio professionals exclusively dedicated to the development of immersive formats in music. We provide a swift and efficient solution designed for musicians, producers, record labels, and distributors.<\/p>\n<p>Thanks to our service, you can now have your songs in Dolby Atmos and Sony 360 Reality Audio to gain the benefits offered by platforms and share a new listening experience with your followers.<\/p>\n<p>\t\t\t\t\t\t\t\t\t\t\t\t\t<img decoding=\"async\" width=\"900\" height=\"1200\" src=\"https:\/\/staging.immersound.xyz\/wp-content\/uploads\/2024\/07\/image1-900x1200.jpg\" alt=\"\" srcset=\"https:\/\/staging.immersound.xyz\/wp-content\/uploads\/2024\/07\/image1-900x1200.jpg 900w, https:\/\/staging.immersound.xyz\/wp-content\/uploads\/2024\/07\/image1-375x500.jpg 375w, https:\/\/staging.immersound.xyz\/wp-content\/uploads\/2024\/07\/image1-225x300.jpg 225w, https:\/\/staging.immersound.xyz\/wp-content\/uploads\/2024\/07\/image1-768x1024.jpg 768w, https:\/\/staging.immersound.xyz\/wp-content\/uploads\/2024\/07\/image1-56x75.jpg 56w, https:\/\/staging.immersound.xyz\/wp-content\/uploads\/2024\/07\/image1-480x640.jpg 480w, https:\/\/staging.immersound.xyz\/wp-content\/uploads\/2024\/07\/image1.jpg 927w\" sizes=\"(max-width:767px) 480px, (max-width:900px) 100vw, 900px\" \/>\t\t\t\t\t\t\t\t\t\t\t\t\t<\/p>\n<h4>WHAT DO THEY SAY ABOUT US?<\/h4>\n<h2>\u201cLos invito a sumergirse en el mundo sonoro de Dolby Atmos<br \/>\ny disfruta de \u00e9sta nueva experiencia de sonido\u201d<\/h2>\n<h2>Pilar Fernandez<\/h2>\n<h2>\u201cFue todo un orgullo publicar nuestro \u00e1lbum<br \/>\n\u201cRomances Eternos\u201d en el sonido espacial Dolby Atmos \u201d<\/h2>\n<h2>Mariachi sol de Mexico de Jos\u00e9 Hernandez.<br \/>\n<\/h2>\n<h2>\u201cUno como artista tiene que reformularse la manera de hacer m\u00fasica<br \/>\ny en Dolby Atmos encuentro una nueva fuente de inspiraci\u00f3n \u201d<\/h2>\n<h2>Lady ANT<\/h2>\n<h2>\u201c\u00a1Prep\u00e1rate para sumergirte en un mundo de calidad de sonido incomparable.<br \/>\nCada nota musical cobrar\u00e1 vida de una manera que te dejar\u00e1 hechizado.\u201d<\/h2>\n<h2>Tarja Turunen<\/h2>\n<h4>OUR CLIENTS<\/h4>\n<p>\t\t\t\t\t\t\t\t\t\t\t\t\t<img loading=\"lazy\" decoding=\"async\" width=\"512\" height=\"190\" src=\"https:\/\/staging.immersound.xyz\/wp-content\/uploads\/2024\/07\/Customer1.png\" alt=\"\" srcset=\"https:\/\/staging.immersound.xyz\/wp-content\/uploads\/2024\/07\/Customer1.png 512w, https:\/\/staging.immersound.xyz\/wp-content\/uploads\/2024\/07\/Customer1-500x186.png 500w, https:\/\/staging.immersound.xyz\/wp-content\/uploads\/2024\/07\/Customer1-300x111.png 300w, https:\/\/staging.immersound.xyz\/wp-content\/uploads\/2024\/07\/Customer1-150x56.png 150w, https:\/\/staging.immersound.xyz\/wp-content\/uploads\/2024\/07\/Customer1-480x178.png 480w\" sizes=\"(max-width:767px) 480px, 512px\" \/><br \/>\n\t\t\t\t\t\t\t\t\t\t\t\t\t<img loading=\"lazy\" decoding=\"async\" width=\"512\" height=\"189\" src=\"https:\/\/staging.immersound.xyz\/wp-content\/uploads\/2024\/07\/Customer2.png\" alt=\"\" srcset=\"https:\/\/staging.immersound.xyz\/wp-content\/uploads\/2024\/07\/Customer2.png 512w, https:\/\/staging.immersound.xyz\/wp-content\/uploads\/2024\/07\/Customer2-500x185.png 500w, https:\/\/staging.immersound.xyz\/wp-content\/uploads\/2024\/07\/Customer2-300x111.png 300w, https:\/\/staging.immersound.xyz\/wp-content\/uploads\/2024\/07\/Customer2-150x55.png 150w, https:\/\/staging.immersound.xyz\/wp-content\/uploads\/2024\/07\/Customer2-480x177.png 480w\" sizes=\"(max-width:767px) 480px, 512px\" \/><br \/>\n\t\t\t\t\t\t\t\t\t\t\t\t\t<img loading=\"lazy\" decoding=\"async\" width=\"512\" height=\"191\" src=\"https:\/\/staging.immersound.xyz\/wp-content\/uploads\/2024\/07\/Customer3.png\" alt=\"\" srcset=\"https:\/\/staging.immersound.xyz\/wp-content\/uploads\/2024\/07\/Customer3.png 512w, https:\/\/staging.immersound.xyz\/wp-content\/uploads\/2024\/07\/Customer3-500x187.png 500w, https:\/\/staging.immersound.xyz\/wp-content\/uploads\/2024\/07\/Customer3-300x112.png 300w, https:\/\/staging.immersound.xyz\/wp-content\/uploads\/2024\/07\/Customer3-150x56.png 150w, https:\/\/staging.immersound.xyz\/wp-content\/uploads\/2024\/07\/Customer3-480x179.png 480w\" sizes=\"(max-width:767px) 480px, 512px\" \/><br \/>\n\t\t\t\t\t\t\t\t\t\t\t\t\t<img loading=\"lazy\" decoding=\"async\" width=\"512\" height=\"191\" src=\"https:\/\/staging.immersound.xyz\/wp-content\/uploads\/2024\/07\/Customer4.png\" alt=\"\" srcset=\"https:\/\/staging.immersound.xyz\/wp-content\/uploads\/2024\/07\/Customer4.png 512w, https:\/\/staging.immersound.xyz\/wp-content\/uploads\/2024\/07\/Customer4-500x187.png 500w, https:\/\/staging.immersound.xyz\/wp-content\/uploads\/2024\/07\/Customer4-300x112.png 300w, https:\/\/staging.immersound.xyz\/wp-content\/uploads\/2024\/07\/Customer4-150x56.png 150w, https:\/\/staging.immersound.xyz\/wp-content\/uploads\/2024\/07\/Customer4-480x179.png 480w\" sizes=\"(max-width:767px) 480px, 512px\" \/><br \/>\n\t\t\t\t\t\t\t\t\t\t\t\t\t<img loading=\"lazy\" decoding=\"async\" width=\"512\" height=\"190\" src=\"https:\/\/staging.immersound.xyz\/wp-content\/uploads\/2024\/07\/Customer5.png\" alt=\"\" srcset=\"https:\/\/staging.immersound.xyz\/wp-content\/uploads\/2024\/07\/Customer5.png 512w, https:\/\/staging.immersound.xyz\/wp-content\/uploads\/2024\/07\/Customer5-500x186.png 500w, https:\/\/staging.immersound.xyz\/wp-content\/uploads\/2024\/07\/Customer5-300x111.png 300w, https:\/\/staging.immersound.xyz\/wp-content\/uploads\/2024\/07\/Customer5-150x56.png 150w, https:\/\/staging.immersound.xyz\/wp-content\/uploads\/2024\/07\/Customer5-480x178.png 480w\" sizes=\"(max-width:767px) 480px, 512px\" \/><br \/>\n\t\t\t\t\t\t\t\t\t\t\t\t\t<img loading=\"lazy\" decoding=\"async\" width=\"512\" height=\"219\" src=\"https:\/\/staging.immersound.xyz\/wp-content\/uploads\/2024\/07\/Customer6.png\" alt=\"\" srcset=\"https:\/\/staging.immersound.xyz\/wp-content\/uploads\/2024\/07\/Customer6.png 512w, https:\/\/staging.immersound.xyz\/wp-content\/uploads\/2024\/07\/Customer6-500x214.png 500w, https:\/\/staging.immersound.xyz\/wp-content\/uploads\/2024\/07\/Customer6-300x128.png 300w, https:\/\/staging.immersound.xyz\/wp-content\/uploads\/2024\/07\/Customer6-150x64.png 150w, https:\/\/staging.immersound.xyz\/wp-content\/uploads\/2024\/07\/Customer6-480x205.png 480w\" sizes=\"(max-width:767px) 480px, 512px\" \/><br \/>\n\t\t\t\t\t\t\t\t\t\t\t\t\t<img loading=\"lazy\" decoding=\"async\" width=\"512\" height=\"217\" src=\"https:\/\/staging.immersound.xyz\/wp-content\/uploads\/2024\/07\/Customer7.png\" alt=\"\" srcset=\"https:\/\/staging.immersound.xyz\/wp-content\/uploads\/2024\/07\/Customer7.png 512w, https:\/\/staging.immersound.xyz\/wp-content\/uploads\/2024\/07\/Customer7-500x212.png 500w, https:\/\/staging.immersound.xyz\/wp-content\/uploads\/2024\/07\/Customer7-300x127.png 300w, https:\/\/staging.immersound.xyz\/wp-content\/uploads\/2024\/07\/Customer7-150x64.png 150w, https:\/\/staging.immersound.xyz\/wp-content\/uploads\/2024\/07\/Customer7-480x203.png 480w\" sizes=\"(max-width:767px) 480px, 512px\" \/><br \/>\n\t\t\t\t\t\t\t\t\t\t\t\t\t<img loading=\"lazy\" decoding=\"async\" width=\"512\" height=\"220\" src=\"https:\/\/staging.immersound.xyz\/wp-content\/uploads\/2024\/07\/Customer8.png\" alt=\"\" srcset=\"https:\/\/staging.immersound.xyz\/wp-content\/uploads\/2024\/07\/Customer8.png 512w, https:\/\/staging.immersound.xyz\/wp-content\/uploads\/2024\/07\/Customer8-500x215.png 500w, https:\/\/staging.immersound.xyz\/wp-content\/uploads\/2024\/07\/Customer8-300x129.png 300w, https:\/\/staging.immersound.xyz\/wp-content\/uploads\/2024\/07\/Customer8-150x64.png 150w, https:\/\/staging.immersound.xyz\/wp-content\/uploads\/2024\/07\/Customer8-480x206.png 480w\" sizes=\"(max-width:767px) 480px, 512px\" \/><br \/>\n\t\t\t\t\t\t\t\t\t\t\t\t\t<img loading=\"lazy\" decoding=\"async\" width=\"512\" height=\"217\" src=\"https:\/\/staging.immersound.xyz\/wp-content\/uploads\/2024\/07\/Customer9.png\" alt=\"\" srcset=\"https:\/\/staging.immersound.xyz\/wp-content\/uploads\/2024\/07\/Customer9.png 512w, https:\/\/staging.immersound.xyz\/wp-content\/uploads\/2024\/07\/Customer9-500x212.png 500w, https:\/\/staging.immersound.xyz\/wp-content\/uploads\/2024\/07\/Customer9-300x127.png 300w, https:\/\/staging.immersound.xyz\/wp-content\/uploads\/2024\/07\/Customer9-150x64.png 150w, https:\/\/staging.immersound.xyz\/wp-content\/uploads\/2024\/07\/Customer9-480x203.png 480w\" sizes=\"(max-width:767px) 480px, 512px\" \/><br \/>\n\t\t\t\t\t\t\t\t\t\t\t\t\t<img loading=\"lazy\" decoding=\"async\" width=\"136\" height=\"58\" src=\"https:\/\/staging.immersound.xyz\/wp-content\/uploads\/2024\/07\/Customer10.png\" alt=\"\" \/>\t\t\t\t\t\t\t\t\t\t\t\t\t<\/p>\n<p>Do you have questions? <\/p>\n<p>Check here or contact us!<\/p>\n<p>\t\t\t<a href=\"https:\/\/staging.immersound.xyz\/en\/faq\/\"><br \/>\n\t\t\t\t\t\t\t\t\tMORE<br \/>\n\t\t\t\t\t<\/a><\/p>\n<style>\/*! elementor - v3.22.0 - 26-06-2024 *\/\n.elementor-accordion{text-align:start}.elementor-accordion .elementor-accordion-item{border:1px solid #d5d8dc}.elementor-accordion .elementor-accordion-item+.elementor-accordion-item{border-top:none}.elementor-accordion .elementor-tab-title{margin:0;padding:15px 20px;font-weight:700;line-height:1;cursor:pointer;outline:none}.elementor-accordion .elementor-tab-title .elementor-accordion-icon{display:inline-block;width:1.5em}.elementor-accordion .elementor-tab-title .elementor-accordion-icon svg{width:1em;height:1em}.elementor-accordion .elementor-tab-title .elementor-accordion-icon.elementor-accordion-icon-right{float:right;text-align:right}.elementor-accordion .elementor-tab-title .elementor-accordion-icon.elementor-accordion-icon-left{float:left;text-align:left}.elementor-accordion .elementor-tab-title .elementor-accordion-icon .elementor-accordion-icon-closed{display:block}.elementor-accordion .elementor-tab-title .elementor-accordion-icon .elementor-accordion-icon-opened,.elementor-accordion .elementor-tab-title.elementor-active .elementor-accordion-icon-closed{display:none}.elementor-accordion .elementor-tab-title.elementor-active .elementor-accordion-icon-opened{display:block}.elementor-accordion .elementor-tab-content{display:none;padding:15px 20px;border-top:1px solid #d5d8dc}@media (max-width:767px){.elementor-accordion .elementor-tab-title{padding:12px 15px}.elementor-accordion .elementor-tab-title .elementor-accordion-icon{width:1.2em}.elementor-accordion .elementor-tab-content{padding:7px 15px}}.e-con-inner>.elementor-widget-accordion,.e-con>.elementor-widget-accordion{width:var(--container-widget-width);--flex-grow:var(--container-widget-flex-grow)}<\/style>\n<p>\t\t\t\t\t\t\t\t\t\t\t\t\t\t\t<svg xmlns=\"http:\/\/www.w3.org\/2000\/svg\" width=\"40\" height=\"40\" viewbox=\"0 0 40 40\" fill=\"none\"><path d=\"M25.1248 15.9994L19.9998 21.1244L14.8748 15.9994L12.4998 18.3327L19.9998 25.8327L27.4998 18.3327L25.1248 15.9994ZM19.9998 3.33269C22.3054 3.33268 24.4721 3.77018 26.4998 4.64518C28.5276 5.52018 30.2915 6.70768 31.7915 8.20768C33.2915 9.70768 34.479 11.4716 35.354 13.4993C36.229 15.5271 36.6665 17.6938 36.6665 19.9993C36.6665 22.3049 36.229 24.4716 35.354 26.4993C34.479 28.5271 33.2915 30.291 31.7915 31.791C30.2915 33.291 28.5276 34.4785 26.4998 35.3535C24.4721 36.2285 22.3054 36.666 19.9998 36.666C17.6943 36.666 15.5276 36.2285 13.4998 35.3535C11.4721 34.4785 9.70817 33.291 8.20817 31.791C6.70817 30.291 5.52067 28.5271 4.64567 26.4994C3.77067 24.4716 3.33317 22.3049 3.33317 19.9994C3.33317 17.6938 3.77067 15.5271 4.64567 13.4994C5.52067 11.4716 6.70817 9.70769 8.20817 8.20769C9.70817 6.70769 11.4721 5.52019 13.4998 4.64519C15.5276 3.77019 17.6943 3.33269 19.9998 3.33269ZM19.9998 6.66602C16.2776 6.66602 13.1248 7.95769 10.5415 10.541C7.95817 13.1244 6.6665 16.2771 6.6665 19.9994C6.6665 23.7216 7.95817 26.8744 10.5415 29.4577C13.1248 32.041 16.2776 33.3327 19.9998 33.3327C23.7221 33.3327 26.8748 32.041 29.4582 29.4577C32.0415 26.8743 33.3332 23.7216 33.3332 19.9993C33.3332 16.2771 32.0415 13.1243 29.4582 10.541C26.8748 7.95768 23.7221 6.66602 19.9998 6.66602Z\" fill=\"#2022E9\"><\/path><\/svg><br \/>\n\t\t\t\t\t\t\t\t<svg xmlns=\"http:\/\/www.w3.org\/2000\/svg\" width=\"40\" height=\"40\" viewbox=\"0 0 40 40\" fill=\"none\"><path d=\"M14.8752 24.0007L20.0002 18.8757L25.1252 24.0007L27.5002 21.6673L20.0002 14.1673L12.5002 21.6673L14.8752 24.0007ZM20.0002 36.6673C17.6946 36.6673 15.5279 36.2298 13.5002 35.3548C11.4724 34.4798 9.7085 33.2923 8.2085 31.7923C6.7085 30.2923 5.521 28.5284 4.646 26.5007C3.771 24.4729 3.3335 22.3062 3.3335 20.0007C3.3335 17.6951 3.771 15.5284 4.646 13.5007C5.521 11.4729 6.7085 9.70898 8.2085 8.20898C9.7085 6.70898 11.4724 5.52148 13.5002 4.64648C15.5279 3.77148 17.6946 3.33398 20.0002 3.33398C22.3057 3.33398 24.4724 3.77148 26.5002 4.64648C28.5279 5.52148 30.2918 6.70898 31.7918 8.20898C33.2918 9.70898 34.4793 11.4729 35.3543 13.5007C36.2293 15.5284 36.6668 17.6951 36.6668 20.0007C36.6668 22.3062 36.2293 24.4729 35.3543 26.5007C34.4793 28.5284 33.2918 30.2923 31.7918 31.7923C30.2918 33.2923 28.5279 34.4798 26.5002 35.3548C24.4724 36.2298 22.3057 36.6673 20.0002 36.6673ZM20.0002 33.334C23.7224 33.334 26.8752 32.0423 29.4585 29.459C32.0418 26.8757 33.3335 23.7229 33.3335 20.0007C33.3335 16.2784 32.0418 13.1257 29.4585 10.5423C26.8752 7.95898 23.7224 6.66732 20.0002 6.66732C16.2779 6.66732 13.1252 7.95898 10.5418 10.5423C7.9585 13.1257 6.66683 16.2784 6.66683 20.0007C6.66683 23.7229 7.9585 26.8757 10.5418 29.459C13.1252 32.0423 16.2779 33.334 20.0002 33.334Z\" fill=\"#2022E9\"><\/path><\/svg><br \/>\n\t\t\t\t\t\t\t\t\t\t\t\t<a tabindex=\"0\">Pregunta #1<\/a><br \/>\n\t\t\t\t\tLorem ipsum dolor sit amet, consectetur adipiscing elit. Ut elit tellus, luctus nec ullamcorper mattis, pulvinar dapibus leo.<br \/>\n\t\t\t\t\t\t\t\t\t\t\t\t\t\t\t<svg xmlns=\"http:\/\/www.w3.org\/2000\/svg\" width=\"40\" height=\"40\" viewbox=\"0 0 40 40\" fill=\"none\"><path d=\"M25.1248 15.9994L19.9998 21.1244L14.8748 15.9994L12.4998 18.3327L19.9998 25.8327L27.4998 18.3327L25.1248 15.9994ZM19.9998 3.33269C22.3054 3.33268 24.4721 3.77018 26.4998 4.64518C28.5276 5.52018 30.2915 6.70768 31.7915 8.20768C33.2915 9.70768 34.479 11.4716 35.354 13.4993C36.229 15.5271 36.6665 17.6938 36.6665 19.9993C36.6665 22.3049 36.229 24.4716 35.354 26.4993C34.479 28.5271 33.2915 30.291 31.7915 31.791C30.2915 33.291 28.5276 34.4785 26.4998 35.3535C24.4721 36.2285 22.3054 36.666 19.9998 36.666C17.6943 36.666 15.5276 36.2285 13.4998 35.3535C11.4721 34.4785 9.70817 33.291 8.20817 31.791C6.70817 30.291 5.52067 28.5271 4.64567 26.4994C3.77067 24.4716 3.33317 22.3049 3.33317 19.9994C3.33317 17.6938 3.77067 15.5271 4.64567 13.4994C5.52067 11.4716 6.70817 9.70769 8.20817 8.20769C9.70817 6.70769 11.4721 5.52019 13.4998 4.64519C15.5276 3.77019 17.6943 3.33269 19.9998 3.33269ZM19.9998 6.66602C16.2776 6.66602 13.1248 7.95769 10.5415 10.541C7.95817 13.1244 6.6665 16.2771 6.6665 19.9994C6.6665 23.7216 7.95817 26.8744 10.5415 29.4577C13.1248 32.041 16.2776 33.3327 19.9998 33.3327C23.7221 33.3327 26.8748 32.041 29.4582 29.4577C32.0415 26.8743 33.3332 23.7216 33.3332 19.9993C33.3332 16.2771 32.0415 13.1243 29.4582 10.541C26.8748 7.95768 23.7221 6.66602 19.9998 6.66602Z\" fill=\"#2022E9\"><\/path><\/svg><br \/>\n\t\t\t\t\t\t\t\t<svg xmlns=\"http:\/\/www.w3.org\/2000\/svg\" width=\"40\" height=\"40\" viewbox=\"0 0 40 40\" fill=\"none\"><path d=\"M14.8752 24.0007L20.0002 18.8757L25.1252 24.0007L27.5002 21.6673L20.0002 14.1673L12.5002 21.6673L14.8752 24.0007ZM20.0002 36.6673C17.6946 36.6673 15.5279 36.2298 13.5002 35.3548C11.4724 34.4798 9.7085 33.2923 8.2085 31.7923C6.7085 30.2923 5.521 28.5284 4.646 26.5007C3.771 24.4729 3.3335 22.3062 3.3335 20.0007C3.3335 17.6951 3.771 15.5284 4.646 13.5007C5.521 11.4729 6.7085 9.70898 8.2085 8.20898C9.7085 6.70898 11.4724 5.52148 13.5002 4.64648C15.5279 3.77148 17.6946 3.33398 20.0002 3.33398C22.3057 3.33398 24.4724 3.77148 26.5002 4.64648C28.5279 5.52148 30.2918 6.70898 31.7918 8.20898C33.2918 9.70898 34.4793 11.4729 35.3543 13.5007C36.2293 15.5284 36.6668 17.6951 36.6668 20.0007C36.6668 22.3062 36.2293 24.4729 35.3543 26.5007C34.4793 28.5284 33.2918 30.2923 31.7918 31.7923C30.2918 33.2923 28.5279 34.4798 26.5002 35.3548C24.4724 36.2298 22.3057 36.6673 20.0002 36.6673ZM20.0002 33.334C23.7224 33.334 26.8752 32.0423 29.4585 29.459C32.0418 26.8757 33.3335 23.7229 33.3335 20.0007C33.3335 16.2784 32.0418 13.1257 29.4585 10.5423C26.8752 7.95898 23.7224 6.66732 20.0002 6.66732C16.2779 6.66732 13.1252 7.95898 10.5418 10.5423C7.9585 13.1257 6.66683 16.2784 6.66683 20.0007C6.66683 23.7229 7.9585 26.8757 10.5418 29.459C13.1252 32.0423 16.2779 33.334 20.0002 33.334Z\" fill=\"#2022E9\"><\/path><\/svg><br \/>\n\t\t\t\t\t\t\t\t\t\t\t\t<a tabindex=\"0\">Pregunta #2<\/a><br \/>\n\t\t\t\t\tLorem ipsum dolor sit amet, consectetur adipiscing elit. Ut elit tellus, luctus nec ullamcorper mattis, pulvinar dapibus leo.<\/p>","protected":false},"excerpt":{"rendered":"<p>Sonido inmersivo para tus canciones. EN 24 HS! VER PLANES Llevamos tu m\u00fasica a una nueva dimensi\u00f3n Dolby ATMOS es una tecnolog\u00eda desarrollada por Dolby Laboratories<span class=\"excerpt-hellip\"> [\u2026]<\/span><\/p>","protected":false},"author":1,"featured_media":0,"parent":0,"menu_order":0,"comment_status":"open","ping_status":"open","template":"","meta":{"footnotes":""},"_links":{"self":[{"href":"https:\/\/staging.immersound.xyz\/en\/wp-json\/wp\/v2\/pages\/2"}],"collection":[{"href":"https:\/\/staging.immersound.xyz\/en\/wp-json\/wp\/v2\/pages"}],"about":[{"href":"https:\/\/staging.immersound.xyz\/en\/wp-json\/wp\/v2\/types\/page"}],"author":[{"embeddable":true,"href":"https:\/\/staging.immersound.xyz\/en\/wp-json\/wp\/v2\/users\/1"}],"replies":[{"embeddable":true,"href":"https:\/\/staging.immersound.xyz\/en\/wp-json\/wp\/v2\/comments?post=2"}],"version-history":[{"count":85,"href":"https:\/\/staging.immersound.xyz\/en\/wp-json\/wp\/v2\/pages\/2\/revisions"}],"predecessor-version":[{"id":268,"href":"https:\/\/staging.immersound.xyz\/en\/wp-json\/wp\/v2\/pages\/2\/revisions\/268"}],"wp:attachment":[{"href":"https:\/\/staging.immersound.xyz\/en\/wp-json\/wp\/v2\/media?parent=2"}],"curies":[{"name":"wp","href":"https:\/\/api.w.org\/{rel}","templated":true}]}}